{"id":38,"date":"2019-11-21T14:24:51","date_gmt":"2019-11-21T14:24:51","guid":{"rendered":"http:\/\/www.swmateusz-dawidy.pl\/caritas\/?page_id=38"},"modified":"2025-11-21T10:27:08","modified_gmt":"2025-11-21T10:27:08","slug":"zostan-darczynca","status":"publish","type":"page","link":"https:\/\/www.swmateusz-dawidy.pl\/caritas\/zostan-darczynca\/","title":{"rendered":"Zosta\u0144 darczy\u0144c\u0105"},"content":{"rendered":"\t\t<div data-elementor-type=\"wp-page\" data-elementor-id=\"38\" class=\"elementor elementor-38\">\n\t\t\t\t\t\t<section class=\"elementor-section elementor-top-section elementor-element elementor-element-1e29a7ba elementor-section-boxed elementor-section-height-default elementor-section-height-default\" data-id=\"1e29a7ba\" data-element_type=\"section\" data-e-type=\"section\">\n\t\t\t\t\t\t<div class=\"elementor-container elementor-column-gap-default\">\n\t\t\t\t\t<div class=\"elementor-column elementor-col-100 elementor-top-column elementor-element elementor-element-7f03b3b5\" data-id=\"7f03b3b5\" data-element_type=\"column\" data-e-type=\"column\">\n\t\t\t<div class=\"elementor-widget-wrap elementor-element-populated\">\n\t\t\t\t\t\t<div class=\"elementor-element elementor-element-98f1d04 elementor-widget elementor-widget-text-editor\" data-id=\"98f1d04\" data-element_type=\"widget\" data-e-type=\"widget\" data-widget_type=\"text-editor.default\">\n\t\t\t\t<div class=\"elementor-widget-container\">\n\t\t\t\t\t\t\t\t\t<p>\u00a0<\/p><p><span style=\"font-size: 21px;\">Je\u017celi chcecie pa\u0144stwo wspom\u00f3c nasz\u0105 dzia\u0142alno\u015b\u0107, mo\u017cecie to zrobi\u0107, wp\u0142acaj\u0105c \u015brodki finansowe na konto bankowe:<\/span><\/p><div class=\"entry-content\"><p>\u00a0<\/p><p><span style=\"font-size: 21px;\"><strong>Caritas \u015bw. Mateusza w Dawidach Bankowych<br \/><\/strong><\/span><\/p><p><span style=\"font-size: 21px;\">20 8004 0002 2001 0000 1850 0003<\/span><\/p><p>\u00a0<\/p><p><span style=\"font-size: 21px;\">lub przekaza\u0107 1,5% podatku na zeznaniu\u00a0 podatkowym,<\/span><\/p><\/div><p><span style=\"font-size: 21px;\"><a href=\"https:\/\/caritasaw.pl\/pomoc\/1-procent\/\"><strong>Parafialny Zesp\u00f3\u0142 Caritas<\/strong><\/a><\/span><\/p><p><span style=\"font-size: 21px;\"><a href=\"https:\/\/caritasaw.pl\/pomoc\/1-procent\/\"><strong>przy parafii \u015bw. Mateusza Ew. w Dawidach Bankowych<\/strong><\/a><\/span><\/p><p>\u00a0<\/p>\t\t\t\t\t\t\t\t<\/div>\n\t\t\t\t<\/div>\n\t\t\t\t\t<\/div>\n\t\t<\/div>\n\t\t\t\t\t<\/div>\n\t\t<\/section>\n\t\t\t\t<\/div>\n\t\t","protected":false},"excerpt":{"rendered":"<p>\u00a0 Je\u017celi chcecie pa\u0144stwo wspom\u00f3c nasz\u0105 dzia\u0142alno\u015b\u0107, mo\u017cecie to zrobi\u0107, wp\u0142acaj\u0105c \u015brodki finansowe na konto bankowe: \u00a0 Caritas \u015bw. Mateusza w Dawidach Bankowych 20 8004<\/p>\n","protected":false},"author":1,"featured_media":0,"parent":0,"menu_order":0,"comment_status":"closed","ping_status":"closed","template":"","meta":{"footnotes":""},"class_list":["post-38","page","type-page","status-publish","hentry"],"jetpack_sharing_enabled":true,"_links":{"self":[{"href":"https:\/\/www.swmateusz-dawidy.pl\/caritas\/wp-json\/wp\/v2\/pages\/38","targetHints":{"allow":["GET"]}}],"collection":[{"href":"https:\/\/www.swmateusz-dawidy.pl\/caritas\/wp-json\/wp\/v2\/pages"}],"about":[{"href":"https:\/\/www.swmateusz-dawidy.pl\/caritas\/wp-json\/wp\/v2\/types\/page"}],"author":[{"embeddable":true,"href":"https:\/\/www.swmateusz-dawidy.pl\/caritas\/wp-json\/wp\/v2\/users\/1"}],"replies":[{"embeddable":true,"href":"https:\/\/www.swmateusz-dawidy.pl\/caritas\/wp-json\/wp\/v2\/comments?post=38"}],"version-history":[{"count":23,"href":"https:\/\/www.swmateusz-dawidy.pl\/caritas\/wp-json\/wp\/v2\/pages\/38\/revisions"}],"predecessor-version":[{"id":884,"href":"https:\/\/www.swmateusz-dawidy.pl\/caritas\/wp-json\/wp\/v2\/pages\/38\/revisions\/884"}],"wp:attachment":[{"href":"https:\/\/www.swmateusz-dawidy.pl\/caritas\/wp-json\/wp\/v2\/media?parent=38"}],"curies":[{"name":"wp","href":"https:\/\/api.w.org\/{rel}","templated":true}]}}