{"id":526,"date":"2021-10-05T06:57:39","date_gmt":"2021-10-05T06:57:39","guid":{"rendered":"http:\/\/www.swmateusz-dawidy.pl\/caritas\/?page_id=526"},"modified":"2021-10-05T07:11:11","modified_gmt":"2021-10-05T07:11:11","slug":"filmy","status":"publish","type":"page","link":"https:\/\/www.swmateusz-dawidy.pl\/caritas\/filmy\/","title":{"rendered":"Filmy"},"content":{"rendered":"<h1><\/h1>\n<div class=\"jetpack-video-wrapper\"><iframe title=\"Animowana historia \u015awiecy Caritas. 25 lat tworzy polsk\u0105 Wigili\u0119\" width=\"640\" height=\"360\" src=\"https:\/\/www.youtube.com\/embed\/YdtAOqEGR2Q?list=PLj_VLHVLWdOIX3N58jDN-UjNgGDmHYG4i\" frameborder=\"0\" allow=\"accelerometer; autoplay; clipboard-write; encrypted-media; gyroscope; picture-in-picture; web-share\" referrerpolicy=\"strict-origin-when-cross-origin\" allowfullscreen><\/iframe><\/div>\n<h1>Historia \u015awiec CARITAS<\/h1>\n<p>&nbsp;<\/p>\n<div class=\"jetpack-video-wrapper\"><iframe title=\"Ks. dr Marcin I\u017cycki o dzia\u0142aniach Caritas Polska na rzecz migrant\u00f3w i uchod\u017ac\u00f3w\" width=\"640\" height=\"360\" src=\"https:\/\/www.youtube.com\/embed\/Va1KGGWYcm0?feature=oembed\" frameborder=\"0\" allow=\"accelerometer; autoplay; clipboard-write; encrypted-media; gyroscope; picture-in-picture; web-share\" referrerpolicy=\"strict-origin-when-cross-origin\" allowfullscreen><\/iframe><\/div>\n<h1 class=\"title style-scope ytd-video-primary-info-renderer\">Ks. dr Marcin I\u017cycki o dzia\u0142aniach Caritas Polska na rzecz migrant\u00f3w i uchod\u017ac\u00f3w<\/h1>\n<p>&nbsp;<\/p>\n<div class=\"jetpack-video-wrapper\"><iframe title=\"Brat Cordian Szwarc o wolontariacie Caritas w o\u015brodku dla uchod\u017ac\u00f3w w Lininie\" width=\"640\" height=\"360\" src=\"https:\/\/www.youtube.com\/embed\/MMjTPR7nu3w?start=58&#038;feature=oembed\" frameborder=\"0\" allow=\"accelerometer; autoplay; clipboard-write; encrypted-media; gyroscope; picture-in-picture; web-share\" referrerpolicy=\"strict-origin-when-cross-origin\" allowfullscreen><\/iframe><\/div>\n<h1 class=\"title style-scope ytd-video-primary-info-renderer\">Brat Cordian Szwarc o wolontariacie Caritas w o\u015brodku dla uchod\u017ac\u00f3w w Lininie<\/h1>\n<p>&nbsp;<\/p>\n<p>&nbsp;<\/p>\n<div class=\"jetpack-video-wrapper\"><iframe title=\"WAKACYJNA AKCJA CARITAS - 2021 #2\" width=\"640\" height=\"360\" src=\"https:\/\/www.youtube.com\/embed\/n3NvAIh4ewY?list=PLj_VLHVLWdOJrZevIg0oPVuMorBdOWFRW\" frameborder=\"0\" allow=\"accelerometer; autoplay; clipboard-write; encrypted-media; gyroscope; picture-in-picture; web-share\" referrerpolicy=\"strict-origin-when-cross-origin\" allowfullscreen><\/iframe><\/div>\n<h1 class=\"title style-scope ytd-video-primary-info-renderer\">WAKACYJNA AKCJA CARITAS &#8211; 2021<\/h1>\n<h1><\/h1>\n<h1><\/h1>\n<div class=\"jetpack-video-wrapper\"><iframe title=\"Pielgrzymka Wsp\u00f3lnoty Caritas do Niepokalanowa - 2019\" width=\"640\" height=\"360\" src=\"https:\/\/www.youtube.com\/embed\/2knbA6B3Yrc?start=75&#038;feature=oembed\" frameborder=\"0\" allow=\"accelerometer; autoplay; clipboard-write; encrypted-media; gyroscope; picture-in-picture; web-share\" referrerpolicy=\"strict-origin-when-cross-origin\" allowfullscreen><\/iframe><\/div>\n<h1 class=\"title style-scope ytd-video-primary-info-renderer\">Pielgrzymka Wsp\u00f3lnoty Caritas do Niepokalanowa &#8211; 2019<\/h1>\n<p>&nbsp;<\/p>\n<p>&nbsp;<\/p>\n<div class=\"jetpack-video-wrapper\"><iframe title=\"XIV Pielgrzymka Pracownik\u00f3w i Wolontariuszy Caritas - Krak\u00f3w-\u0141agiewniki 2017\" width=\"640\" height=\"360\" src=\"https:\/\/www.youtube.com\/embed\/MWrnVMXWWDM?list=PLj_VLHVLWdOIvaoA80hJJAxhpAuIeEXoH\" frameborder=\"0\" allow=\"accelerometer; autoplay; clipboard-write; encrypted-media; gyroscope; picture-in-picture; web-share\" referrerpolicy=\"strict-origin-when-cross-origin\" allowfullscreen><\/iframe><\/div>\n<h1 class=\"title style-scope ytd-video-primary-info-renderer\">XIV Pielgrzymka Pracownik\u00f3w i Wolontariuszy Caritas &#8211; Krak\u00f3w-\u0141agiewniki 2017<\/h1>\n","protected":false},"excerpt":{"rendered":"<p>Historia \u015awiec CARITAS &nbsp; Ks. dr Marcin I\u017cycki o dzia\u0142aniach Caritas Polska na rzecz migrant\u00f3w i uchod\u017ac\u00f3w &nbsp; Brat Cordian Szwarc o wolontariacie Caritas w<\/p>\n","protected":false},"author":1,"featured_media":0,"parent":0,"menu_order":0,"comment_status":"closed","ping_status":"closed","template":"","meta":{"footnotes":""},"class_list":["post-526","page","type-page","status-publish","hentry"],"jetpack_sharing_enabled":true,"_links":{"self":[{"href":"https:\/\/www.swmateusz-dawidy.pl\/caritas\/wp-json\/wp\/v2\/pages\/526","targetHints":{"allow":["GET"]}}],"collection":[{"href":"https:\/\/www.swmateusz-dawidy.pl\/caritas\/wp-json\/wp\/v2\/pages"}],"about":[{"href":"https:\/\/www.swmateusz-dawidy.pl\/caritas\/wp-json\/wp\/v2\/types\/page"}],"author":[{"embeddable":true,"href":"https:\/\/www.swmateusz-dawidy.pl\/caritas\/wp-json\/wp\/v2\/users\/1"}],"replies":[{"embeddable":true,"href":"https:\/\/www.swmateusz-dawidy.pl\/caritas\/wp-json\/wp\/v2\/comments?post=526"}],"version-history":[{"count":8,"href":"https:\/\/www.swmateusz-dawidy.pl\/caritas\/wp-json\/wp\/v2\/pages\/526\/revisions"}],"predecessor-version":[{"id":535,"href":"https:\/\/www.swmateusz-dawidy.pl\/caritas\/wp-json\/wp\/v2\/pages\/526\/revisions\/535"}],"wp:attachment":[{"href":"https:\/\/www.swmateusz-dawidy.pl\/caritas\/wp-json\/wp\/v2\/media?parent=526"}],"curies":[{"name":"wp","href":"https:\/\/api.w.org\/{rel}","templated":true}]}}